{"id":948,"date":"2018-07-26T14:10:36","date_gmt":"2018-07-26T17:10:36","guid":{"rendered":"https:\/\/ensvsvdolores-cba.infd.edu.ar\/sitio\/?page_id=948"},"modified":"2018-07-26T14:10:36","modified_gmt":"2018-07-26T17:10:36","slug":"taller-busqueda-seleccion-y-gestion-de-recurso-online","status":"publish","type":"page","link":"https:\/\/ensvsvdolores-cba.infd.edu.ar\/sitio\/taller-busqueda-seleccion-y-gestion-de-recurso-online\/","title":{"rendered":"Taller B\u00fasqueda, Selecci\u00f3n y Gesti\u00f3n de Recurso Online"},"content":{"rendered":"<p>Lamentamos informar que se ha cubierto la totalidad de los cupos disponibles. No obstante estaremos informando la apertura de una nueva r&eacute;plica.<\/p>\n","protected":false},"excerpt":{"rendered":"<p>Lamentamos informar que se ha cubierto la totalidad de los cupos disponibles. No obstante estaremos informando la apertura de una nueva r&eacute;plica.<\/p>\n","protected":false},"author":2911,"featured_media":0,"parent":0,"menu_order":0,"comment_status":"closed","ping_status":"closed","template":"","meta":[],"acf":[],"_links":{"self":[{"href":"https:\/\/ensvsvdolores-cba.infd.edu.ar\/sitio\/wp-json\/wp\/v2\/pages\/948"}],"collection":[{"href":"https:\/\/ensvsvdolores-cba.infd.edu.ar\/sitio\/wp-json\/wp\/v2\/pages"}],"about":[{"href":"https:\/\/ensvsvdolores-cba.infd.edu.ar\/sitio\/wp-json\/wp\/v2\/types\/page"}],"author":[{"embeddable":true,"href":"https:\/\/ensvsvdolores-cba.infd.edu.ar\/sitio\/wp-json\/wp\/v2\/users\/2911"}],"replies":[{"embeddable":true,"href":"https:\/\/ensvsvdolores-cba.infd.edu.ar\/sitio\/wp-json\/wp\/v2\/comments?post=948"}],"version-history":[{"count":1,"href":"https:\/\/ensvsvdolores-cba.infd.edu.ar\/sitio\/wp-json\/wp\/v2\/pages\/948\/revisions"}],"predecessor-version":[{"id":992,"href":"https:\/\/ensvsvdolores-cba.infd.edu.ar\/sitio\/wp-json\/wp\/v2\/pages\/948\/revisions\/992"}],"wp:attachment":[{"href":"https:\/\/ensvsvdolores-cba.infd.edu.ar\/sitio\/wp-json\/wp\/v2\/media?parent=948"}],"curies":[{"name":"wp","href":"https:\/\/api.w.org\/{rel}","templated":true}]}}