{"id":943,"date":"2018-06-29T17:30:20","date_gmt":"2018-06-29T20:30:20","guid":{"rendered":"https:\/\/ensvsvdolores-cba.infd.edu.ar\/sitio\/profesorado-de-educacion-secundaria-en-geografia\/"},"modified":"2021-04-02T17:26:29","modified_gmt":"2021-04-02T20:26:29","slug":"profesorado-de-educacion-secundaria-en-geografia","status":"publish","type":"page","link":"https:\/\/ensvsvdolores-cba.infd.edu.ar\/sitio\/profesorado-de-educacion-secundaria-en-geografia\/","title":{"rendered":"Profesorado de Educaci\u00f3n Secundaria en Geograf\u00eda"},"content":{"rendered":"<h2 style=\"text-align: left;\"><span style=\"font-family: arial,helvetica,sans-serif; color: #ffffff;\"><strong><img decoding=\"async\" class=\"alignright\" title=\"Geografia\" src=\"https:\/\/ensvsvdolores-cba.infd.edu.ar\/sitio\/wp-content\/uploads\/2018\/06\/Geografia_nuevo.fw_.png\" alt=\"geografia\" border=\"0\" \/><\/strong><\/span><span style=\"color: #0072bc;\">Perfil del Egresado<\/span><\/h2>\n<p>Esperamos que al finalizar su trayectoria por este I.F.D. nuestros egresados cuenten, entre otras, con estas competencias:<\/p>\n<ul>\n<li>Poseer un adecuado <strong>conocimiento de los problemas te\u00f3ricos<\/strong> de la disciplina que se ense\u00f1a para realizar una verdadera transposici\u00f3n did\u00e1ctica.<\/li>\n<li>Reflexionar cr\u00edticamente sobre el verdadero sentido y alcance de la especialidad;\u00a0 base el manejo de los diversos paradigmas geogr\u00e1ficos.<\/li>\n<li>Transferir los aportes\u00a0de la sociolog\u00eda, la antropolog\u00eda y la psicolog\u00eda a las situaciones sociales que como profesionales de la educaci\u00f3n les toque enfrentar.<\/li>\n<li>Conocer en profundidad los contenidos conceptuales a ense\u00f1ar en E.G.B\u00a0 y Polimodal. Se trata de una trama coherente que\u00a0 posibilite en el futuro una continua y necesaria incorporaci\u00f3n de los saberes geogr\u00e1ficos que se van produciendo en el \u00e1mbito de la investigaci\u00f3n\u00a0 cient\u00edfica.\u00a0\u00a0 Este es un punto clave para revertir el tan mentado \u201cvaciamiento de contenidos\u201d.<\/li>\n<li>Manejar los diversos lenguajes que esta ciencia\u00a0 emplea de modo complementario o selectivo seg\u00fan las necesidades espec\u00edficas de cada caso particular:, ic\u00f3nico, inform\u00e1tico, gr\u00e1fico, cartogr\u00e1fico y audiovisual, ya que los mismos constituyen verdaderos instrumentos de trabajo imprescindibles para reemplazar r\u00edgidos esquemas tradicionales. lenguaje verbal, num\u00e9rico.<\/li>\n<li>Redimensionar la lecto-escritura y la capacidad de expresi\u00f3n oral como elementos b\u00e1sicos para desarrollar personas capaces de autogestionarse frente al conocimiento.<\/li>\n<li>Manejar cr\u00edtica y selectivamente la informaci\u00f3n producida por los medios de comunicaci\u00f3n ya que constituyen un insumo fundamental para la ense\u00f1anza de la geograf\u00eda.<\/li>\n<li>Capacidad para enriquecer los textos escolares incorporando entre las fuentes a utilizar: material de divulgaci\u00f3n cient\u00edfica, fuentes testimoniales y documentales, art\u00edculos period\u00edsticos, obras literarias (novela cuentos, poes\u00eda, ensayos, cr\u00f3nicas) y art\u00edsticas.<\/li>\n<li>Predisposici\u00f3n para el trabajo areal\u00a0 lo que implica una apertura hacia las otras ciencias que integran el \u00c1rea de Ciencias Sociales.<\/li>\n<li>Promover del conocimiento y la investigaci\u00f3n del espacio geogr\u00e1fico local y regional\u00a0 con el fin de formar ciudadanos cr\u00edticos comprometidos con la organizaci\u00f3n espacial del propio entorno.<\/li>\n<li>Contribuir al crecimiento personal de sus futuros alumnos rescatando valores y promoviendo pautas de convivencia tendientes a la conformaci\u00f3n de una sociedad m\u00e1s justa e igualitaria.<\/li>\n<\/ul>\n<h2><span style=\"color: #0072bc;\">Plan de Estudio<\/span><\/h2>\n<table style=\"width: 100%;\" border=\"0\" cellpadding=\"5\" align=\"center\">\n<thead>\n<tr align=\"center\" valign=\"middle\">\n<td style=\"background-color: #244e70;\"><span style=\"color: #ffffff;\"><strong><span lang=\"ES\" style=\"font-family: arial, helvetica, sans-serif; font-size: 12pt;\">PRIMER A\u00d1O<\/span><\/strong><\/span><\/td>\n<td style=\"background-color: #244e70;\"><span style=\"color: #ffffff;\"><strong><span lang=\"ES\" style=\"font-family: arial, helvetica, sans-serif; font-size: 12pt;\">SEGUNDO A\u00d1O<\/span><\/strong><\/span><\/td>\n<\/tr>\n<\/thead>\n<tbody>\n<tr>\n<td valign=\"top\">\n<ul>\n<li>Pedagog\u00eda<\/li>\n<li>Problem\u00e1ticas Socioantropol\u00f3gicas en Educaci\u00f3n<\/li>\n<li>Historia Contempor\u00e1nea<\/li>\n<li>Pr\u00e1ctica Docente I: Contextos y Pr\u00e1cticas Educativas<\/li>\n<li>Introducci\u00f3n a la Geograf\u00eda<\/li>\n<li>Geograf\u00eda F\u00edsica<\/li>\n<li>Geograf\u00eda de la Sociedad y la Poblaci\u00f3n<\/li>\n<li>Geograf\u00eda Urbana y Rural<\/li>\n<li>Cartograf\u00eda<\/li>\n<\/ul>\n<\/td>\n<td valign=\"top\">\n<ul>\n<li>Psicolog\u00eda y Educaci\u00f3n<\/li>\n<li>Did\u00e1ctica General<\/li>\n<li>Pr\u00e1ctica Docente II: Escuela, Historias Documentadas y Cotidianeidad<\/li>\n<li>Geograf\u00eda F\u00edsica II<\/li>\n<li>Geograf\u00eda de C\u00f3rdoba<\/li>\n<li>Geograf\u00eda Econ\u00f3mica<\/li>\n<li>Geograf\u00eda de Argentina<\/li>\n<li>Teledetecci\u00f3n y SIG<\/li>\n<li>Did\u00e1ctica de la Geograf\u00eda<\/li>\n<\/ul>\n<\/td>\n<\/tr>\n<tr>\n<td style=\"background-color: #244e70; width: 50%;\" align=\"center\" valign=\"middle\"><span style=\"color: #ffffff;\"><strong><span lang=\"ES\" style=\"font-family: arial, helvetica, sans-serif; font-size: 12pt;\">TERCER A\u00d1O<\/span><\/strong><\/span><\/td>\n<td style=\"background-color: #244e70;\" align=\"center\" valign=\"middle\"><span style=\"color: #ffffff;\"><strong><span lang=\"ES\" style=\"font-family: arial, helvetica, sans-serif; font-size: 12pt;\">CUARTO A\u00d1O<\/span><\/strong><\/span><\/td>\n<\/tr>\n<tr>\n<td valign=\"top\">\n<ul>\n<li>Historia y Pol\u00edtica de la Educaci\u00f3n Argentina<\/li>\n<li>Pr\u00e1ctica Docente III: El Aula Espacio del Aprender y del Ense\u00f1ar<\/li>\n<li>Filosof\u00eda y Educaci\u00f3n<\/li>\n<li>Historia y Epistemolog\u00eda de la Geograf\u00eda<\/li>\n<li>Geograf\u00eda Mundial I<\/li>\n<li>Geograf\u00eda de Latinoam\u00e9rica<\/li>\n<li>Sujetos de la Educaci\u00f3n<\/li>\n<li>Did\u00e1ctica de la Geograf\u00eda II<\/li>\n<\/ul>\n<\/td>\n<td valign=\"top\">\n<ul>\n<li>\u00c9tica y Construcci\u00f3n de Ciudadan\u00eda<\/li>\n<li>Pr\u00e1ctica Docente IV y Residencia<\/li>\n<li>Metodolog\u00eda de la Investigaci\u00f3n Geogr\u00e1fica<\/li>\n<li>Geograf\u00eda Cultural<\/li>\n<li>Pol\u00edtica y Gesti\u00f3n Territorial de Argentina<\/li>\n<li>Geograf\u00eda Mundial<\/li>\n<li>Geograf\u00eda Pol\u00edtica y de los Conflictos Mundiales<\/li>\n<\/ul>\n<\/td>\n<\/tr>\n<\/tbody>\n<\/table>\n","protected":false},"excerpt":{"rendered":"<p>Perfil del Egresado Esperamos que al finalizar su trayectoria por este I.F.D. nuestros egresados cuenten, entre otras, con estas competencias: Poseer un adecuado conocimiento de los problemas te\u00f3ricos de la disciplina que se ense\u00f1a para realizar una verdadera transposici\u00f3n did\u00e1ctica. Reflexionar cr\u00edticamente sobre el verdadero sentido y alcance de la especialidad;\u00a0 base el manejo de &#8230; <a title=\"Profesorado de Educaci\u00f3n Secundaria en Geograf\u00eda\" class=\"read-more\" href=\"https:\/\/ensvsvdolores-cba.infd.edu.ar\/sitio\/profesorado-de-educacion-secundaria-en-geografia\/\" aria-label=\"More on Profesorado de Educaci\u00f3n Secundaria en Geograf\u00eda\">[+]<\/a><\/p>\n","protected":false},"author":2911,"featured_media":0,"parent":0,"menu_order":0,"comment_status":"closed","ping_status":"closed","template":"","meta":[],"acf":[],"_links":{"self":[{"href":"https:\/\/ensvsvdolores-cba.infd.edu.ar\/sitio\/wp-json\/wp\/v2\/pages\/943"}],"collection":[{"href":"https:\/\/ensvsvdolores-cba.infd.edu.ar\/sitio\/wp-json\/wp\/v2\/pages"}],"about":[{"href":"https:\/\/ensvsvdolores-cba.infd.edu.ar\/sitio\/wp-json\/wp\/v2\/types\/page"}],"author":[{"embeddable":true,"href":"https:\/\/ensvsvdolores-cba.infd.edu.ar\/sitio\/wp-json\/wp\/v2\/users\/2911"}],"replies":[{"embeddable":true,"href":"https:\/\/ensvsvdolores-cba.infd.edu.ar\/sitio\/wp-json\/wp\/v2\/comments?post=943"}],"version-history":[{"count":14,"href":"https:\/\/ensvsvdolores-cba.infd.edu.ar\/sitio\/wp-json\/wp\/v2\/pages\/943\/revisions"}],"predecessor-version":[{"id":1851,"href":"https:\/\/ensvsvdolores-cba.infd.edu.ar\/sitio\/wp-json\/wp\/v2\/pages\/943\/revisions\/1851"}],"wp:attachment":[{"href":"https:\/\/ensvsvdolores-cba.infd.edu.ar\/sitio\/wp-json\/wp\/v2\/media?parent=943"}],"curies":[{"name":"wp","href":"https:\/\/api.w.org\/{rel}","templated":true}]}}