{"id":937,"date":"2018-06-29T17:30:18","date_gmt":"2018-06-29T20:30:18","guid":{"rendered":"https:\/\/ensvsvdolores-cba.infd.edu.ar\/sitio\/profesorado-de-educacion-primaria\/"},"modified":"2021-04-02T17:26:00","modified_gmt":"2021-04-02T20:26:00","slug":"profesorado-de-educacion-primaria","status":"publish","type":"page","link":"https:\/\/ensvsvdolores-cba.infd.edu.ar\/sitio\/profesorado-de-educacion-primaria\/","title":{"rendered":"Profesorado de Educaci\u00f3n Primaria"},"content":{"rendered":"<h2 style=\"text-align: left;\"><span style=\"font-family: arial,helvetica,sans-serif; color: #ffffff;\"><strong><img decoding=\"async\" loading=\"lazy\" class=\"alignright\" title=\"pep\" src=\"https:\/\/ensvsvdolores-cba.infd.edu.ar\/sitio\/wp-content\/uploads\/2018\/06\/PEP_nuevo.fw_.png\" alt=\"pep\" width=\"376\" height=\"274\" border=\"0\" \/><\/strong><\/span><span style=\"color: #bf1e74;\">Perfil del Egresado<\/span><\/h2>\n<p>Se espera que los egresados al finalizar su formaci\u00f3n sean capaces de:<\/p>\n<ul>\n<li>Dominar las competencias ling\u00fc\u00edsticas y l\u00f3gico-matem\u00e1ticas necesarias para la funci\u00f3n docente.<\/li>\n<li>Conocer, comprender y relacionar los contenidos disciplinares (Cs, Naturales, Cs. Sociales, Tecnolog\u00eda, etc.) y pedag\u00f3gicos para poder intervenir con idoneidad en el contexto educativo.<\/li>\n<li>Poseer apertura a nuevas corrientes pedag\u00f3gicas pero con sentido cr\u00edtico, enmarcando su labor profesional en el concepto de formaci\u00f3n permanente.<\/li>\n<li>Tener un pensamiento flexible, polivalente, para adaptarse a los cambios continuos y a las realidades diversas con las que les tocar\u00e1 actuar.<\/li>\n<li>Enfrentar deberes, defender derechos y comprometerse socialmente, enmarc\u00e1ndose \u00a0siempre dentro de los par\u00e1metros \u00e9ticos v\u00e1lidos en nuestra sociedad.<\/li>\n<li>Enfrentar las condiciones de la ense\u00f1anza en una escuela masiva, con sus caracter\u00edsticas de diversidad de origen, medios y capacidades en el alumnado.<\/li>\n<li>Discernir y distinguir de los m\u00faltiples mensajes recibidos en el \u00e1mbito social, lo principal de lo accesorio, lo cient\u00edfico de lo seudo cient\u00edfico, con el fin de ayudar a los alumnos a adquirir esa facultad del entendimiento.<\/li>\n<\/ul>\n<h2><span style=\"color: #bf1e74;\">Plan de Estudio<\/span><\/h2>\n<table style=\"width: 100%;\" border=\"0\" cellpadding=\"5\" align=\"center\">\n<thead>\n<tr align=\"center\" valign=\"middle\">\n<td style=\"background-color: #244e70;\"><span style=\"color: #ffffff;\"><strong><span lang=\"ES\" style=\"font-family: arial, helvetica, sans-serif; font-size: 12pt;\">PRIMER A\u00d1O<\/span><\/strong><\/span><\/td>\n<td style=\"background-color: #244e70;\"><span style=\"color: #ffffff;\"><strong><span lang=\"ES\" style=\"font-family: arial, helvetica, sans-serif; font-size: 12pt;\">SEGUNDO A\u00d1O<\/span><\/strong><\/span><\/td>\n<\/tr>\n<\/thead>\n<tbody>\n<tr>\n<td valign=\"top\">\n<ul>\n<li>Pedagog\u00eda<\/li>\n<li><span lang=\"ES\">Problem\u00e1ticas Socioantropol\u00f3gicas<\/span><span lang=\"ES\">\u00a0en Educaci\u00f3n<\/span><\/li>\n<li>Psicolog\u00eda y Educaci\u00f3n<\/li>\n<li>Argentina en el Mundo Contempor\u00e1neo<\/li>\n<li>Desarrollo del Pensamiento Matem\u00e1tico<\/li>\n<li>Lenguaje Digital y Audiovisual<\/li>\n<li>Lenguaje Corporal<\/li>\n<li>Practica Docente I<\/li>\n<li>Oralidad, Lectura y Escritura<\/li>\n<\/ul>\n<\/td>\n<td valign=\"top\">\n<ul>\n<li>Filosof\u00eda y Educaci\u00f3n<\/li>\n<li>Did\u00e1ctica General<\/li>\n<li>Lenguaje Art\u00edstico Expresivo<\/li>\n<li>Pr\u00e1ctica Docente II: Escuelas, Historias Documentadas y Cotidianeidad<\/li>\n<li>Matem\u00e1tica y su Did\u00e1ctica I<\/li>\n<li>Lengua y su Did\u00e1ctica<\/li>\n<li>Ciencias Naturales y su Did\u00e1ctica I<\/li>\n<li>Sujetos de la Educaci\u00f3n y Convivencia \u00a0Escolar<\/li>\n<\/ul>\n<\/td>\n<\/tr>\n<tr>\n<td style=\"background-color: #244e70; width: 50%;\" align=\"center\" valign=\"middle\"><span style=\"color: #ffffff;\"><strong><span lang=\"ES\" style=\"font-family: arial, helvetica, sans-serif; font-size: 12pt;\">TERCER A\u00d1O<\/span><\/strong><\/span><\/td>\n<td style=\"background-color: #244e70;\" align=\"center\" valign=\"middle\"><span style=\"color: #ffffff;\"><strong><span lang=\"ES\" style=\"font-family: arial, helvetica, sans-serif; font-size: 12pt;\">CUARTO A\u00d1O<\/span><\/strong><\/span><\/td>\n<\/tr>\n<tr>\n<td valign=\"top\">\n<ul>\n<li>Historia de la Educaci\u00f3n Argentina<\/li>\n<li>Practica Docente III<\/li>\n<li>Matem\u00e1tica y su Did\u00e1ctica<\/li>\n<li>Literatura en el Nivel Primario<\/li>\n<li>Alfabetizaci\u00f3n Inicial<\/li>\n<li>Ciencias Naturales y su Did\u00e1ctica II<\/li>\n<li>Taller de Ciencias en la Escuela<\/li>\n<li>Ciencias Sociales y su Did\u00e1ctica II<\/li>\n<li>Educaci\u00f3n Art\u00edstico Expresiva<\/li>\n<li>TIC y la Ense\u00f1anza en el Nivel Primario<\/li>\n<\/ul>\n<\/td>\n<td valign=\"top\">\n<ul>\n<li>\u00c9tica y Construcci\u00f3n de Ciudadan\u00eda<\/li>\n<li>Practica docente IV y Residencia<\/li>\n<li>Problem\u00e1ticas y Desaf\u00edos del Nivel Primario<\/li>\n<li>Educaci\u00f3n F\u00edsica en el Nivel Primario<\/li>\n<li>Educaci\u00f3n Sexual Integral<\/li>\n<\/ul>\n<\/td>\n<\/tr>\n<\/tbody>\n<\/table>\n","protected":false},"excerpt":{"rendered":"<p>Perfil del Egresado Se espera que los egresados al finalizar su formaci\u00f3n sean capaces de: Dominar las competencias ling\u00fc\u00edsticas y l\u00f3gico-matem\u00e1ticas necesarias para la funci\u00f3n docente. Conocer, comprender y relacionar los contenidos disciplinares (Cs, Naturales, Cs. Sociales, Tecnolog\u00eda, etc.) y pedag\u00f3gicos para poder intervenir con idoneidad en el contexto educativo. Poseer apertura a nuevas corrientes &#8230; <a title=\"Profesorado de Educaci\u00f3n Primaria\" class=\"read-more\" href=\"https:\/\/ensvsvdolores-cba.infd.edu.ar\/sitio\/profesorado-de-educacion-primaria\/\" aria-label=\"More on Profesorado de Educaci\u00f3n Primaria\">[+]<\/a><\/p>\n","protected":false},"author":2911,"featured_media":0,"parent":0,"menu_order":0,"comment_status":"closed","ping_status":"closed","template":"","meta":[],"acf":[],"_links":{"self":[{"href":"https:\/\/ensvsvdolores-cba.infd.edu.ar\/sitio\/wp-json\/wp\/v2\/pages\/937"}],"collection":[{"href":"https:\/\/ensvsvdolores-cba.infd.edu.ar\/sitio\/wp-json\/wp\/v2\/pages"}],"about":[{"href":"https:\/\/ensvsvdolores-cba.infd.edu.ar\/sitio\/wp-json\/wp\/v2\/types\/page"}],"author":[{"embeddable":true,"href":"https:\/\/ensvsvdolores-cba.infd.edu.ar\/sitio\/wp-json\/wp\/v2\/users\/2911"}],"replies":[{"embeddable":true,"href":"https:\/\/ensvsvdolores-cba.infd.edu.ar\/sitio\/wp-json\/wp\/v2\/comments?post=937"}],"version-history":[{"count":10,"href":"https:\/\/ensvsvdolores-cba.infd.edu.ar\/sitio\/wp-json\/wp\/v2\/pages\/937\/revisions"}],"predecessor-version":[{"id":1850,"href":"https:\/\/ensvsvdolores-cba.infd.edu.ar\/sitio\/wp-json\/wp\/v2\/pages\/937\/revisions\/1850"}],"wp:attachment":[{"href":"https:\/\/ensvsvdolores-cba.infd.edu.ar\/sitio\/wp-json\/wp\/v2\/media?parent=937"}],"curies":[{"name":"wp","href":"https:\/\/api.w.org\/{rel}","templated":true}]}}