{"id":286,"date":"2016-10-31T13:17:59","date_gmt":"2016-10-31T16:17:59","guid":{"rendered":"https:\/\/ensvsvdolores-cba.infd.edu.ar\/sitio\/?page_id=286"},"modified":"2026-02-24T09:50:52","modified_gmt":"2026-02-24T12:50:52","slug":"inicio","status":"publish","type":"page","link":"https:\/\/ensvsvdolores-cba.infd.edu.ar\/sitio\/","title":{"rendered":"Inicio"},"content":{"rendered":"<div id=\"metaslider-id-1444\" style=\"width: 100%;\" class=\"ml-slider-3-33-0 metaslider metaslider-flex metaslider-1444 ml-slider ms-theme-default\" role=\"region\" aria-roledescription=\"Slideshow\" aria-label=\"Slideshow\">\n    <div id=\"metaslider_container_1444\">\n        <div id=\"metaslider_1444\" class=\"flexslider\">\n            <ul aria-live=\"polite\" class=\"slides\">\n                <li style=\"display: block; width: 100%;\" class=\"slide-1479 ms-image\" aria-roledescription=\"slide\" aria-label=\"slide-1479\"><img src=\"https:\/\/ensvsvdolores-cba.infd.edu.ar\/sitio\/wp-content\/uploads\/2019\/02\/Horizontal_texto-blanco-568x142.png\" height=\"250\" width=\"1000\" alt=\"\" class=\"slider-1444 slide-1479\" title=\"Escudo\" \/><\/li>\n                <li style=\"display: none; width: 100%;\" class=\"slide-1471 ms-image\" aria-roledescription=\"slide\" aria-label=\"slide-1471\"><img src=\"https:\/\/ensvsvdolores-cba.infd.edu.ar\/sitio\/wp-content\/uploads\/2019\/02\/Panoramica-840x210.png\" height=\"250\" width=\"1000\" alt=\"\" class=\"slider-1444 slide-1471\" title=\"Escuela Normal\" \/><\/li>\n                <li style=\"display: none; width: 100%;\" class=\"slide-1472 ms-image\" aria-roledescription=\"slide\" aria-label=\"slide-1472\"><img src=\"https:\/\/ensvsvdolores-cba.infd.edu.ar\/sitio\/wp-content\/uploads\/2019\/02\/panorama_interior-840x210.jpg\" height=\"250\" width=\"1000\" alt=\"\" class=\"slider-1444 slide-1472\" title=\"Museo Ernesto Arrieta\" \/><\/li>\n                <li style=\"display: none; width: 100%;\" class=\"slide-1473 ms-image\" aria-roledescription=\"slide\" aria-label=\"slide-1473\"><img src=\"https:\/\/ensvsvdolores-cba.infd.edu.ar\/sitio\/wp-content\/uploads\/2019\/02\/interior2-840x210.jpg\" height=\"250\" width=\"1000\" alt=\"\" class=\"slider-1444 slide-1473\" title=\"Museo Ernesto Arriete\" \/><\/li>\n                <li style=\"display: none; width: 100%;\" class=\"slide-1474 ms-image\" aria-roledescription=\"slide\" aria-label=\"slide-1474\"><img src=\"https:\/\/ensvsvdolores-cba.infd.edu.ar\/sitio\/wp-content\/uploads\/2024\/03\/Slider01-840x210.jpg\" height=\"250\" width=\"1000\" alt=\"\" class=\"slider-1444 slide-1474\" title=\"Expo2\" \/><\/li>\n                <li style=\"display: none; width: 100%;\" class=\"slide-1475 ms-image\" aria-roledescription=\"slide\" aria-label=\"slide-1475\"><img src=\"https:\/\/ensvsvdolores-cba.infd.edu.ar\/sitio\/wp-content\/uploads\/2024\/03\/Slider05-840x210.jpg\" height=\"250\" width=\"1000\" alt=\"\" class=\"slider-1444 slide-1475\" title=\"Expo carreras 2018\" \/><\/li>\n                <li style=\"display: none; width: 100%;\" class=\"slide-1477 ms-image\" aria-roledescription=\"slide\" aria-label=\"slide-1477\"><img src=\"https:\/\/ensvsvdolores-cba.infd.edu.ar\/sitio\/wp-content\/uploads\/2024\/03\/Slider04-840x210.jpg\" height=\"250\" width=\"1000\" alt=\"\" class=\"slider-1444 slide-1477\" title=\"Acto colaci\u00f3n egresados 2018\" \/><\/li>\n                <li style=\"display: none; width: 100%;\" class=\"slide-1478 ms-image\" aria-roledescription=\"slide\" aria-label=\"slide-1478\"><img src=\"https:\/\/ensvsvdolores-cba.infd.edu.ar\/sitio\/wp-content\/uploads\/2024\/03\/Slider03-840x210.jpg\" height=\"250\" width=\"1000\" alt=\"\" class=\"slider-1444 slide-1478\" title=\"Profesorado de matem\u00e1tica\" \/><\/li>\n            <\/ul>\n        <\/div>\n        \n    <\/div>\n<\/div>\n<h1 style=\"text-align: center;\">Preinscripciones a carreras de Formaci\u00f3n Docente 2026<\/h1>\n<p style=\"text-align: left;\"><a href=\"https:\/\/ensvsvdolores-cba.infd.edu.ar\/sitio\/pre-matriculacion-2024\/\"><img decoding=\"async\" loading=\"lazy\" class=\"aligncenter wp-image-2505 size-full\" src=\"https:\/\/ensvsvdolores-cba.infd.edu.ar\/sitio\/wp-content\/uploads\/2026\/02\/Preinscripcion.png\" alt=\"Preinscripciones 2026\" width=\"300\" height=\"424\" \/><\/a><\/p>\n<p style=\"text-align: left;\">A partir del <strong>17 de noviembre de 2025<\/strong> estar\u00e1n abiertas las pre-inscripciones a las carreras de Nivel Superior de la Escuela Normal:<\/p>\n<ul>\n<li style=\"list-style-type: none;\">\n<ul>\n<li>Profesorado de Educaci\u00f3n Secundaria en <strong>Biolog\u00eda<\/strong><\/li>\n<\/ul>\n<\/li>\n<\/ul>\n<ul>\n<li style=\"list-style-type: none;\">\n<ul>\n<li>Profesorado de Educaci\u00f3n Secundaria en <strong>Geograf\u00eda<\/strong><\/li>\n<\/ul>\n<\/li>\n<\/ul>\n<ul>\n<li style=\"list-style-type: none;\">\n<ul>\n<li>Profesorado de Educaci\u00f3n Secundaria en <strong>Matem\u00e1tica<\/strong><\/li>\n<\/ul>\n<\/li>\n<\/ul>\n<ul>\n<li style=\"list-style-type: none;\">\n<ul>\n<li>Profesorado de <strong>Educaci\u00f3n Primaria<\/strong><\/li>\n<\/ul>\n<\/li>\n<\/ul>\n<h4 style=\"text-align: center;\"><a href=\"https:\/\/ensvsvdolores-cba.infd.edu.ar\/sitio\/planes-de-estudio\/\">Consultar Planes de estudio<\/a><\/h4>\n<p><a href=\"https:\/\/ensvsvdolores-cba.infd.edu.ar\/sitio\/pre-matriculacion-2024\/\">M\u00e1s informaci\u00f3n<\/a><\/p>\n<style>.wp-show-posts-columns#wpsp-383 {margin-left: -2em; }.wp-show-posts-columns#wpsp-383 .wp-show-posts-inner {margin: 0 0 2em 2em; }<\/style><section id=\"wpsp-383\" class=\" wp-show-posts\" style=\"\"><article class=\" wp-show-posts-single wpsp-clearfix post-2413 post type-post status-publish format-standard hentry category-noticias\" itemtype=\"http:\/\/schema.org\/CreativeWork\" itemscope><div class=\"wp-show-posts-inner\" style=\"\">\t\t\t\t\t\t<header class=\"wp-show-posts-entry-header\">\n\t\t\t\t\t\t\t<h2 class=\"wp-show-posts-entry-title\" itemprop=\"headline\"><a href=\"https:\/\/ensvsvdolores-cba.infd.edu.ar\/sitio\/acerca-de-las-carreras-que-brinda-la-institucion\/\" rel=\"bookmark\">\u00bfQu\u00e9 carreras brinda la Instituci\u00f3n?<\/a><\/h2>\t\t\t\t\t\t<\/header><!-- .entry-header -->\n\t\t\t\t\t\t\t\t\t\t\t<div class=\"wp-show-posts-entry-content\" itemprop=\"text\">\n\t\t\t\t\t\t\t\n<ol>\n<li><strong>\u00bfQu\u00e9 carreras de formaci\u00f3n docente se dictan en la Escuela Normal?<\/strong><br \/>Profesorado de Educaci\u00f3n Primaria.<br \/>Profesorado de Educaci\u00f3n Secundaria en Matem\u00e1tica.<br \/>Profesorado de Educaci\u00f3n Secundaria en Geograf\u00eda.<br \/>Profesorado de Educaci\u00f3n Secundaria en Biolog\u00eda.<br \/>Profesorado de Ingl\u00e9s (a t\u00e9rmino, pr\u00f3xima cohorte inicia 2028).<\/li>\n\n\n\n<li><strong>\u00bfCu\u00e1l es la duraci\u00f3n de cada profesorado?<\/strong><br \/>Cada profesorado tiene una duraci\u00f3n de cuatro a\u00f1os, conforme al dise\u00f1o curricular vigente.<\/li>\n<\/ol>\n\n\n\n\t\t\t\t\t\t<\/div><!-- .entry-content -->\n\t\t\t\t\t<div class=\"wpsp-read-more\"><a title=\"\u00bfQu\u00e9 carreras brinda la Instituci\u00f3n?\" class=\"wp-show-posts-read-more\" href=\"https:\/\/ensvsvdolores-cba.infd.edu.ar\/sitio\/acerca-de-las-carreras-que-brinda-la-institucion\/\">Leer m\u00e1s<\/a><\/div><\/div><!-- wp-show-posts-inner --><div class=\"wpsp-clear\"><\/div><\/article><article class=\" wp-show-posts-single wpsp-clearfix post-2415 post type-post status-publish format-standard hentry category-noticias\" itemtype=\"http:\/\/schema.org\/CreativeWork\" itemscope><div class=\"wp-show-posts-inner\" style=\"\">\t\t\t\t\t\t<header class=\"wp-show-posts-entry-header\">\n\t\t\t\t\t\t\t<h2 class=\"wp-show-posts-entry-title\" itemprop=\"headline\"><a href=\"https:\/\/ensvsvdolores-cba.infd.edu.ar\/sitio\/acerca-de-la-inscripcion-a-las-carreras\/\" rel=\"bookmark\">Inscripci\u00f3n a las carreras de formaci\u00f3n docente<\/a><\/h2>\t\t\t\t\t\t<\/header><!-- .entry-header -->\n\t\t\t\t\t\t\t\t\t\t\t<div class=\"wp-show-posts-entry-content\" itemprop=\"text\">\n\t\t\t\t\t\t\t\n<ol start=\"1\">\n<li>\u00bfCu\u00e1ndo y c\u00f3mo puedo inscribirme en el profesorado?<br \/>Primero debes generar una pre-inscripci\u00f3n a trav\u00e9s de la plataforma Ciudadano Digital (CiDi). Luego, la inscripci\u00f3n definitiva la realizas en la Escuela, presentando la constancia obtenida en el CiDi y los requisitos que se detallan m\u00e1s abajo. Desde el 17 de noviembre de 2025, est\u00e1n abiertas las preinscripciones en el CiDi, y desde el 18 de febrero de 2026 podr\u00e1s gestionar la inscripci\u00f3n definitiva en la Instituci\u00f3n. Seguinos en nuestras redes sociales y en la web oficial, para mantenerte informado.<\/li>\n<\/ol>\n\n\n\n\t\t\t\t\t\t<\/div><!-- .entry-content -->\n\t\t\t\t\t<div class=\"wpsp-read-more\"><a title=\"Inscripci\u00f3n a las carreras de formaci\u00f3n docente\" class=\"wp-show-posts-read-more\" href=\"https:\/\/ensvsvdolores-cba.infd.edu.ar\/sitio\/acerca-de-la-inscripcion-a-las-carreras\/\">Leer m\u00e1s<\/a><\/div><\/div><!-- wp-show-posts-inner --><div class=\"wpsp-clear\"><\/div><\/article><article class=\" wp-show-posts-single wpsp-clearfix post-2423 post type-post status-publish format-standard hentry category-noticias\" itemtype=\"http:\/\/schema.org\/CreativeWork\" itemscope><div class=\"wp-show-posts-inner\" style=\"\">\t\t\t\t\t\t<header class=\"wp-show-posts-entry-header\">\n\t\t\t\t\t\t\t<h2 class=\"wp-show-posts-entry-title\" itemprop=\"headline\"><a href=\"https:\/\/ensvsvdolores-cba.infd.edu.ar\/sitio\/acerca-de-la-cursada\/\" rel=\"bookmark\">Acerca de la cursada<\/a><\/h2>\t\t\t\t\t\t<\/header><!-- .entry-header -->\n\t\t\t\t\t\t\t\t\t\t\t<div class=\"wp-show-posts-entry-content\" itemprop=\"text\">\n\t\t\t\t\t\t\t\n<ol start=\"1\">\n<li>\u00bfEs necesario cursar todos los d\u00edas? \u00bfCu\u00e1ntas horas por d\u00eda se cursa?<br \/>La cursada es bimodal (presencial y virtual). Las instancias presenciales se desarrollan de lunes a jueves. El horario de cursado normal es entre las 18:40 y las 22:10 seg\u00fan la carrera y el a\u00f1o.<\/li>\n\n\n\n<li>\u00bfCu\u00e1les son las exigencias de asistencia?<br \/>Se requiere un 75% de asistencia para ser considerado estudiante regular. Si trabaj\u00e1s y present\u00e1s constancia laboral, se puede considerar un 60%.<\/li>\n\n\n\n<li>\u00bfEs posible realizar equivalencias si vengo de otra carrera o profesorado?<br \/>S\u00ed, pod\u00e9s solicitar equivalencias presentando tu certificado anal\u00edtico parcial y el programa de las materias cursadas.<\/li>\n<\/ol>\n\n\n\n\t\t\t\t\t\t<\/div><!-- .entry-content -->\n\t\t\t\t\t<div class=\"wpsp-read-more\"><a title=\"Acerca de la cursada\" class=\"wp-show-posts-read-more\" href=\"https:\/\/ensvsvdolores-cba.infd.edu.ar\/sitio\/acerca-de-la-cursada\/\">Leer m\u00e1s<\/a><\/div><\/div><!-- wp-show-posts-inner --><div class=\"wpsp-clear\"><\/div><\/article><\/section><!-- .wp-show-posts -->\n<div id=\"metaslider-id-403\" style=\"width: 100%;\" class=\"ml-slider-3-33-0 metaslider metaslider-flex metaslider-403 ml-slider ms-theme-default\" role=\"region\" aria-roledescription=\"Slideshow\" aria-label=\"Slideshow\">\n    <div id=\"metaslider_container_403\">\n        <div id=\"metaslider_403\" class=\"flexslider\">\n            <ul aria-live=\"polite\" class=\"slides\">\n                <li style=\"display: block; width: 100%;\" class=\"slide-607 ms-image\" aria-roledescription=\"slide\" aria-label=\"slide-607\"><a href=\"https:\/\/mapa.infd.edu.ar\/\" target=\"_blank\"><img src=\"https:\/\/ensvsvdolores-cba.infd.edu.ar\/sitio\/wp-content\/uploads\/2018\/06\/mapa_infd6-1100x200.png\" height=\"200\" width=\"1100\" alt=\"\" class=\"slider-403 slide-607\" title=\"mapa_infd6\" \/><\/a><\/li>\n                <li style=\"display: none; width: 100%;\" class=\"slide-609 ms-image\" aria-roledescription=\"slide\" aria-label=\"slide-609\"><a href=\"https:\/\/www.argentina.gob.ar\/educacion\/becas\" target=\"_blank\"><img src=\"https:\/\/ensvsvdolores-cba.infd.edu.ar\/sitio\/wp-content\/uploads\/2018\/06\/becas7-1100x200.png\" height=\"200\" width=\"1100\" alt=\"\" class=\"slider-403 slide-609\" title=\"becas7\" \/><\/a><\/li>\n                <li style=\"display: none; width: 100%;\" class=\"slide-635 ms-image\" aria-roledescription=\"slide\" aria-label=\"slide-635\"><a href=\"https:\/\/www.argentina.gob.ar\/tema\/estudiar\/formacion-docencia\" target=\"_blank\"><img src=\"https:\/\/ensvsvdolores-cba.infd.edu.ar\/sitio\/wp-content\/uploads\/2018\/06\/convocatorias_slide6-1-1100x200.png\" height=\"200\" width=\"1100\" alt=\"\" class=\"slider-403 slide-635\" title=\"convocatorias_slide6-1\" \/><\/a><\/li>\n            <\/ul>\n        <\/div>\n        \n    <\/div>\n<\/div>\n<div  class=\"lgc-column lgc-grid-parent lgc-grid-20 lgc-tablet-grid-30 lgc-mobile-grid-50 lgc-equal-heights \"><div  class=\"inside-grid-column\">\n<p><img decoding=\"async\" loading=\"lazy\" class=\"alignnone size-full wp-image-815\" src=\"https:\/\/ensvsvdolores-cba.infd.edu.ar\/sitio\/wp-content\/uploads\/2018\/06\/la_red.jpg\" alt=\"\" width=\"186\" height=\"125\" \/><\/p>\n<p><\/p><\/div><\/div>\n<div  class=\"lgc-column lgc-grid-parent lgc-grid-80 lgc-tablet-grid-70 lgc-mobile-grid-50 lgc-equal-heights \"><div  class=\"inside-grid-column\">\n<p>Junto con varios cientos de Institutos, integramos la\u00a0<strong style=\"font-family: Verdana; font-size: 10pt;\"><em>Red\u00a0<\/em><\/strong><strong><em>\u00a0Virtual de Institutos Superiores de Formaci\u00f3n Docente<\/em><\/strong>\u00a0coordinada por el\u00a0<strong>INFD<\/strong>\u00a0(Instituto Nacional de Formaci\u00f3n Docente) dependiente del Ministerio de Educaci\u00f3n de la Naci\u00f3n Argentina.<\/p>\n<p><\/p><\/div><\/div>\n<pre style=\"text-align: center;\">Escuela Normal Superior Dalmacio V\u00e9lez S\u00e1rsfield\nAv. San Mart\u00edn 50 - Villa Dolores - C\u00f3rdoba\ne-mail: superior@ensdvs.edu.ar<\/pre>\n","protected":false},"excerpt":{"rendered":"<p>Preinscripciones a carreras de Formaci\u00f3n Docente 2026 A partir del 17 de noviembre de 2025 estar\u00e1n abiertas las pre-inscripciones a las carreras de Nivel Superior de la Escuela Normal: Profesorado de Educaci\u00f3n Secundaria en Biolog\u00eda Profesorado de Educaci\u00f3n Secundaria en Geograf\u00eda Profesorado de Educaci\u00f3n Secundaria en Matem\u00e1tica Profesorado de Educaci\u00f3n Primaria Consultar Planes de estudio &#8230; <a title=\"Acerca de la cursada\" class=\"read-more\" href=\"https:\/\/ensvsvdolores-cba.infd.edu.ar\/sitio\/acerca-de-la-cursada\/\" aria-label=\"More on Acerca de la cursada\">[+]<\/a><\/p>\n","protected":false},"author":1,"featured_media":0,"parent":0,"menu_order":0,"comment_status":"closed","ping_status":"closed","template":"","meta":[],"acf":[],"_links":{"self":[{"href":"https:\/\/ensvsvdolores-cba.infd.edu.ar\/sitio\/wp-json\/wp\/v2\/pages\/286"}],"collection":[{"href":"https:\/\/ensvsvdolores-cba.infd.edu.ar\/sitio\/wp-json\/wp\/v2\/pages"}],"about":[{"href":"https:\/\/ensvsvdolores-cba.infd.edu.ar\/sitio\/wp-json\/wp\/v2\/types\/page"}],"author":[{"embeddable":true,"href":"https:\/\/ensvsvdolores-cba.infd.edu.ar\/sitio\/wp-json\/wp\/v2\/users\/1"}],"replies":[{"embeddable":true,"href":"https:\/\/ensvsvdolores-cba.infd.edu.ar\/sitio\/wp-json\/wp\/v2\/comments?post=286"}],"version-history":[{"count":395,"href":"https:\/\/ensvsvdolores-cba.infd.edu.ar\/sitio\/wp-json\/wp\/v2\/pages\/286\/revisions"}],"predecessor-version":[{"id":2508,"href":"https:\/\/ensvsvdolores-cba.infd.edu.ar\/sitio\/wp-json\/wp\/v2\/pages\/286\/revisions\/2508"}],"wp:attachment":[{"href":"https:\/\/ensvsvdolores-cba.infd.edu.ar\/sitio\/wp-json\/wp\/v2\/media?parent=286"}],"curies":[{"name":"wp","href":"https:\/\/api.w.org\/{rel}","templated":true}]}}