{"id":2392,"date":"2024-12-05T12:51:16","date_gmt":"2024-12-05T15:51:16","guid":{"rendered":"https:\/\/ensvsvdolores-cba.infd.edu.ar\/sitio\/?page_id=2392"},"modified":"2024-12-05T12:54:23","modified_gmt":"2024-12-05T15:54:23","slug":"como-realizar-la-preinscripcion-a-traves-de-cidi","status":"publish","type":"page","link":"https:\/\/ensvsvdolores-cba.infd.edu.ar\/sitio\/como-realizar-la-preinscripcion-a-traves-de-cidi\/","title":{"rendered":"C\u00f3mo realizar la preinscripci\u00f3n a trav\u00e9s de CiDi"},"content":{"rendered":"\n<p>Una vez dentro de la p\u00e1gina de Gesti\u00f3n Estudiantes segu\u00ed estos pasos:<\/p>\n\n\n\n<p>1<strong>. Seleccion\u00e1 la instituci\u00f3n y la carrera<\/strong><\/p>\n\n\n<div class=\"wp-block-image\">\n<figure class=\"aligncenter size-full is-resized\"><img decoding=\"async\" loading=\"lazy\" src=\"https:\/\/ensvsvdolores-cba.infd.edu.ar\/sitio\/wp-content\/uploads\/2024\/12\/Buscar-instituto.png\" alt=\"\" class=\"wp-image-2393\" width=\"731\" height=\"403\" srcset=\"https:\/\/ensvsvdolores-cba.infd.edu.ar\/sitio\/wp-content\/uploads\/2024\/12\/Buscar-instituto.png 1031w, https:\/\/ensvsvdolores-cba.infd.edu.ar\/sitio\/wp-content\/uploads\/2024\/12\/Buscar-instituto-1000x553.png 1000w\" sizes=\"(max-width: 731px) 100vw, 731px\" \/><\/figure><\/div>\n\n\n<ul>\n<li>Hac\u00e9 clic en <strong>Buscar Institutos<\/strong> y en c\u00f3digo Instituto escrib\u00ed <strong>EE0330375<\/strong>.<\/li>\n<\/ul>\n\n\n<div class=\"wp-block-image\">\n<figure class=\"aligncenter size-full is-resized\"><img decoding=\"async\" loading=\"lazy\" src=\"https:\/\/ensvsvdolores-cba.infd.edu.ar\/sitio\/wp-content\/uploads\/2024\/12\/Seleccionar-instituto.png\" alt=\"\" class=\"wp-image-2394\" width=\"730\" height=\"308\" srcset=\"https:\/\/ensvsvdolores-cba.infd.edu.ar\/sitio\/wp-content\/uploads\/2024\/12\/Seleccionar-instituto.png 1028w, https:\/\/ensvsvdolores-cba.infd.edu.ar\/sitio\/wp-content\/uploads\/2024\/12\/Seleccionar-instituto-1000x422.png 1000w, https:\/\/ensvsvdolores-cba.infd.edu.ar\/sitio\/wp-content\/uploads\/2024\/12\/Seleccionar-instituto-768x324.png 768w\" sizes=\"(max-width: 730px) 100vw, 730px\" \/><\/figure><\/div>\n\n\n<ul>\n<li>Busc\u00e1 la <strong>Escuela Normal<\/strong> en el listado de instituciones disponibles.<\/li>\n\n\n\n<li>Seleccionando <strong>Ver Carreras<\/strong>, el sistema te mostrar\u00e1 las carreras disponibles en ese momento (verific\u00e1 que en <strong>Estado Coorte<\/strong> figure <strong>HABILITADA<\/strong>).  <\/li>\n<\/ul>\n\n\n<div class=\"wp-block-image\">\n<figure class=\"aligncenter size-full is-resized\"><img decoding=\"async\" loading=\"lazy\" src=\"https:\/\/ensvsvdolores-cba.infd.edu.ar\/sitio\/wp-content\/uploads\/2024\/12\/Carreras.png\" alt=\"\" class=\"wp-image-2395\" width=\"730\" height=\"408\" srcset=\"https:\/\/ensvsvdolores-cba.infd.edu.ar\/sitio\/wp-content\/uploads\/2024\/12\/Carreras.png 1023w, https:\/\/ensvsvdolores-cba.infd.edu.ar\/sitio\/wp-content\/uploads\/2024\/12\/Carreras-1000x558.png 1000w, https:\/\/ensvsvdolores-cba.infd.edu.ar\/sitio\/wp-content\/uploads\/2024\/12\/Carreras-768x429.png 768w\" sizes=\"(max-width: 730px) 100vw, 730px\" \/><\/figure><\/div>\n\n\n<ul>\n<li>Eleg\u00ed la carrera de formaci\u00f3n docente que quer\u00e9s cursar (por ejemplo: PROFESORADO DE EDUCACI\u00d3N PRIMARIA) y hac\u00e9 clic en <strong>Pre Matriculaci\u00f3n<\/strong>.<\/li>\n<\/ul>\n\n\n\n<p><strong>2. Complet\u00e1 el formulario de preinscripci\u00f3n<\/strong><\/p>\n\n\n\n<ul>\n<li>El sistema te mostrar\u00e1 la siguiente pantalla:<\/li>\n<\/ul>\n\n\n<div class=\"wp-block-image\">\n<figure class=\"aligncenter size-full is-resized\"><img decoding=\"async\" loading=\"lazy\" src=\"https:\/\/ensvsvdolores-cba.infd.edu.ar\/sitio\/wp-content\/uploads\/2024\/12\/Datos-estudiante-1.png\" alt=\"\" class=\"wp-image-2396\" width=\"731\" height=\"505\" srcset=\"https:\/\/ensvsvdolores-cba.infd.edu.ar\/sitio\/wp-content\/uploads\/2024\/12\/Datos-estudiante-1.png 1026w, https:\/\/ensvsvdolores-cba.infd.edu.ar\/sitio\/wp-content\/uploads\/2024\/12\/Datos-estudiante-1-1000x692.png 1000w, https:\/\/ensvsvdolores-cba.infd.edu.ar\/sitio\/wp-content\/uploads\/2024\/12\/Datos-estudiante-1-768x531.png 768w\" sizes=\"(max-width: 731px) 100vw, 731px\" \/><\/figure><\/div>\n\n\n<ul>\n<li>Ingres\u00e1 todos los datos que te solicita el formulario. Deber\u00e1s recorrer todas las solapas, asegur\u00e1ndote de completar los datos marcados con <strong>asterisco (*)<\/strong>, que son obligatorios:\n<ul>\n<li>Datos personales (Tipo y n\u00famero de DNI, fecha de nacimiento, etc.).<\/li>\n\n\n\n<li>Nivel de estudios alcanzado.<\/li>\n\n\n\n<li>Informaci\u00f3n de contacto (correo electr\u00f3nico, tel\u00e9fono).<\/li>\n<\/ul>\n<\/li>\n\n\n\n<li>Verific\u00e1 que toda la informaci\u00f3n sea correcta antes de continuar.<\/li>\n\n\n\n<li>Hac\u00e9 clic en bot\u00f3n <strong>Pre-Matricular Estudiante<\/strong>, que se encuentra en la parte inferior.<\/li>\n<\/ul>\n\n\n<div class=\"wp-block-image\">\n<figure class=\"aligncenter size-full\"><img decoding=\"async\" loading=\"lazy\" width=\"266\" height=\"58\" src=\"https:\/\/ensvsvdolores-cba.infd.edu.ar\/sitio\/wp-content\/uploads\/2024\/12\/Prematricular.png\" alt=\"\" class=\"wp-image-2397\"\/><\/figure><\/div>\n\n\n<ul>\n<li>Si realizaste bien todos los pasos previos, deber\u00e1 aparecerte una ventana confirmando la operaci\u00f3n.<\/li>\n<\/ul>\n\n\n<div class=\"wp-block-image\">\n<figure class=\"aligncenter size-full\"><img decoding=\"async\" loading=\"lazy\" width=\"307\" height=\"187\" src=\"https:\/\/ensvsvdolores-cba.infd.edu.ar\/sitio\/wp-content\/uploads\/2024\/12\/Confirmacion.png\" alt=\"\" class=\"wp-image-2398\"\/><\/figure><\/div>\n\n\n<p><strong>7. Descarg\u00e1 tu comprobante<\/strong><\/p>\n\n\n\n<ul>\n<li>Una vez finalizada la preinscripci\u00f3n, el sistema te mostrar\u00e1 las carreras en las que est\u00e1s preinscripto. Desde ah\u00ed, podr\u00e1s imprimir el comprobante o cancelar la preinscripci\u00f3n.<\/li>\n<\/ul>\n\n\n<div class=\"wp-block-image\">\n<figure class=\"aligncenter size-full is-resized\"><img decoding=\"async\" loading=\"lazy\" src=\"https:\/\/ensvsvdolores-cba.infd.edu.ar\/sitio\/wp-content\/uploads\/2024\/12\/Imprimir.png\" alt=\"\" class=\"wp-image-2399\" width=\"889\" height=\"116\" srcset=\"https:\/\/ensvsvdolores-cba.infd.edu.ar\/sitio\/wp-content\/uploads\/2024\/12\/Imprimir.png 998w, https:\/\/ensvsvdolores-cba.infd.edu.ar\/sitio\/wp-content\/uploads\/2024\/12\/Imprimir-768x100.png 768w\" sizes=\"(max-width: 889px) 100vw, 889px\" \/><\/figure><\/div>\n\n\n<ul>\n<li>Dicho comprobante deber\u00e1s presentarlo en la Instituci\u00f3n junto con los dem\u00e1s documentos.<\/li>\n<\/ul>\n\n\n\n<p><strong>Preguntas frecuentes sobre la preinscripci\u00f3n<\/strong><\/p>\n\n\n\n<p><strong>\u00bfQu\u00e9 hago si tengo problemas para registrarme en CiDi?<\/strong><br>Pod\u00e9s comunicarte con la Mesa de Ayuda de Ciudadano Digital llamando al 0800-888-1234 o enviando un correo a soporte@cidi.cba.gov.ar.<\/p>\n\n\n\n<p><strong>\u00bfQu\u00e9 pasa si no tengo alg\u00fan documento al momento de la preinscripci\u00f3n?<\/strong><br>Consult\u00e1 en la Escuela Normal si es posible presentar los documentos faltantes m\u00e1s adelante.<\/p>\n\n\n\n<p><strong>\u00bfQu\u00e9 pasa si no descargo o imprimo la constancia en ese momento?<\/strong><br>El listado de carreras prematriculadas estar\u00e1 disponible en tu Gesti\u00f3n Estudiantes. Podr\u00e1s acceder en cualquier momento e imprimirla.<\/p>\n","protected":false},"excerpt":{"rendered":"<p>Una vez dentro de la p\u00e1gina de Gesti\u00f3n Estudiantes segu\u00ed estos pasos: 1. Seleccion\u00e1 la instituci\u00f3n y la carrera 2. Complet\u00e1 el formulario de preinscripci\u00f3n 7. Descarg\u00e1 tu comprobante Preguntas frecuentes sobre la preinscripci\u00f3n \u00bfQu\u00e9 hago si tengo problemas para registrarme en CiDi?Pod\u00e9s comunicarte con la Mesa de Ayuda de Ciudadano Digital llamando al 0800-888-1234 &#8230; <a title=\"C\u00f3mo realizar la preinscripci\u00f3n a trav\u00e9s de CiDi\" class=\"read-more\" href=\"https:\/\/ensvsvdolores-cba.infd.edu.ar\/sitio\/como-realizar-la-preinscripcion-a-traves-de-cidi\/\" aria-label=\"More on C\u00f3mo realizar la preinscripci\u00f3n a trav\u00e9s de CiDi\">[+]<\/a><\/p>\n","protected":false},"author":2806,"featured_media":0,"parent":0,"menu_order":0,"comment_status":"closed","ping_status":"closed","template":"","meta":[],"acf":[],"_links":{"self":[{"href":"https:\/\/ensvsvdolores-cba.infd.edu.ar\/sitio\/wp-json\/wp\/v2\/pages\/2392"}],"collection":[{"href":"https:\/\/ensvsvdolores-cba.infd.edu.ar\/sitio\/wp-json\/wp\/v2\/pages"}],"about":[{"href":"https:\/\/ensvsvdolores-cba.infd.edu.ar\/sitio\/wp-json\/wp\/v2\/types\/page"}],"author":[{"embeddable":true,"href":"https:\/\/ensvsvdolores-cba.infd.edu.ar\/sitio\/wp-json\/wp\/v2\/users\/2806"}],"replies":[{"embeddable":true,"href":"https:\/\/ensvsvdolores-cba.infd.edu.ar\/sitio\/wp-json\/wp\/v2\/comments?post=2392"}],"version-history":[{"count":1,"href":"https:\/\/ensvsvdolores-cba.infd.edu.ar\/sitio\/wp-json\/wp\/v2\/pages\/2392\/revisions"}],"predecessor-version":[{"id":2400,"href":"https:\/\/ensvsvdolores-cba.infd.edu.ar\/sitio\/wp-json\/wp\/v2\/pages\/2392\/revisions\/2400"}],"wp:attachment":[{"href":"https:\/\/ensvsvdolores-cba.infd.edu.ar\/sitio\/wp-json\/wp\/v2\/media?parent=2392"}],"curies":[{"name":"wp","href":"https:\/\/api.w.org\/{rel}","templated":true}]}}