{"id":2101,"date":"2023-11-16T10:42:11","date_gmt":"2023-11-16T13:42:11","guid":{"rendered":"https:\/\/ensvsvdolores-cba.infd.edu.ar\/sitio\/?page_id=2101"},"modified":"2026-02-24T09:54:20","modified_gmt":"2026-02-24T12:54:20","slug":"pre-matriculacion-2024","status":"publish","type":"page","link":"https:\/\/ensvsvdolores-cba.infd.edu.ar\/sitio\/pre-matriculacion-2024\/","title":{"rendered":"Prematr\u00edcula 2026"},"content":{"rendered":"\n<h1 class=\"wp-block-heading\"><span style=\"color: #3366ff;\">Informaci\u00f3n importante<\/span><\/h1>\n\n\n\n<p>La preinscripci\u00f3n a <strong>primer a\u00f1o<\/strong> de las carreras de <strong>formaci\u00f3n docente<\/strong>, se realiza a trav\u00e9s del Sistema de <strong>Gesti\u00f3n de Estudiantes<\/strong>. Para ello, deb\u00e9s ser usuario de Ciudadano Digital (CiDi). Si a\u00fan no ten\u00e9s la clave de acceso, pod\u00e9s gestionarla desde el siguiente enlace:<\/p>\n\n\n\n<div class=\"wp-block-buttons is-layout-flex wp-container-1\">\n<div class=\"wp-block-button\"><a class=\"wp-block-button__link has-text-align-center wp-element-button\" href=\"https:\/\/cidi.cba.gov.ar\/portal\/Cuenta\/Register\" target=\"_blank\" rel=\"noreferrer noopener\">Gestionar clave CiDi<\/a><\/div>\n<\/div>\n\n\n\n<h2 class=\"wp-block-heading\"><span style=\"color: #3366ff;\">Procedimiento<\/span><\/h2>\n\n\n\n<h3 class=\"wp-block-heading\"><span style=\"color: #3366ff;\">Prematr\u00edcula<\/span><\/h3>\n\n\n\n<p>Ingres\u00e1 al aplicativo<a rel=\"noopener\" href=\"https:\/\/www.cba.gov.ar\/gestion-estudiantes\/\" target=\"_blank\"> Gesti\u00f3n de Estudiantes<\/a> y seleccion\u00e1, en el men\u00fa derecho,&nbsp;<a rel=\"noopener\" href=\"http:\/\/gestionestudiantes.cba.gov.ar\/NoUsuario\/ConsultaSuperior.aspx\" target=\"_blank\">Prematr\u00edcula &#8211; Nivel Superior<\/a>.&nbsp;A partir de all\u00ed el sistema te ir\u00e1 orientando e indicando los pasos a seguir.&nbsp;El c\u00f3digo de instituto que deber\u00e1s ingresar es&nbsp;<strong>EE0330375<\/strong>.<\/p>\n\n\n<div class=\"wp-block-image\">\n<figure class=\"aligncenter size-full\"><a href=\"https:\/\/gestionestudiantes.cba.gov.ar\/NoUsuario\/ConsultaSuperior.aspx\" target=\"_blank\" rel=\"noreferrer noopener\"><img decoding=\"async\" loading=\"lazy\" width=\"363\" height=\"152\" src=\"https:\/\/ensvsvdolores-cba.infd.edu.ar\/sitio\/wp-content\/uploads\/2024\/12\/Gestion.png\" alt=\"\" class=\"wp-image-2387\"\/><\/a><\/figure><\/div>\n\n\n<p>Si ten\u00e9s dificultades para realizar este proceso, pod\u00e9s seguir el tutorial:<\/p>\n\n\n\n<div class=\"wp-block-buttons is-layout-flex\">\n<div class=\"wp-block-button\"><a class=\"wp-block-button__link wp-element-button\" href=\"https:\/\/ensvsvdolores-cba.infd.edu.ar\/sitio\/como-realizar-la-preinscripcion-a-traves-de-cidi\/\" target=\"_blank\" rel=\"noreferrer noopener\">Prematriculaci\u00f3n en CiDi<\/a><\/div>\n<\/div>\n\n\n\n<h3 class=\"wp-block-heading\"><span style=\"color: #3366ff;\">Matr\u00edcula Definitiva<\/span><\/h3>\n\n\n\n<p>Deber\u00e1s concurrir al establecimiento, en el horario de 18:40 a 22:30, y presentar la siguiente documentaci\u00f3n:<\/p>\n\n\n\n<ul>\n<li>Ficha de inscripci\u00f3n <strong><a href=\"https:\/\/ensvsvdolores-cba.infd.edu.ar\/sitio\/wp-content\/uploads\/2024\/12\/Formulario-Inscripcion-Ingresantes.pdf\" target=\"_blank\" rel=\"noreferrer noopener\">Descargar<\/a><\/strong><\/li>\n\n\n\n<li>Constancia de inscripci\u00f3n por CiDi<\/li>\n\n\n\n<li>Fotocopia de DNI<\/li>\n\n\n\n<li>Fotocopia de Partida de Nacimiento<\/li>\n\n\n\n<li>Fotocopia del T\u00edtulo de Nivel Secundario o constancia de t\u00edtulo en tr\u00e1mite<\/li>\n\n\n\n<li>2 fotos 4&#215;4<\/li>\n\n\n\n<li>Ficha m\u00e9dica (CUS) <a rel=\"noreferrer noopener\" href=\"https:\/\/www.cba.gov.ar\/wp-content\/uploads\/2021\/02\/Certificado-%C3%9Anico-de-Salud-CUS.pdf\" target=\"_blank\"><strong>Descargar<\/strong><\/a><\/li>\n<\/ul>\n\n\n\n<p>Si ten\u00e9s dudas, te recomendamos mirar el instructivo:&nbsp;<a rel=\"noreferrer noopener\" href=\"https:\/\/www.cba.gov.ar\/wp-content\/uploads\/2021\/07\/400-Superior-Prematriculaci%C3%B3n-Aspirantes.pdf\" target=\"_blank\"><strong>Clic Aqu\u00ed<\/strong><\/a><\/p>\n\n\n\n<h3 class=\"wp-block-heading\"><span style=\"color: #3366ff;\">Inscripci\u00f3n en Aulas Virtuales para ingresantes a primer a\u00f1o de todos los profesorados.<\/span> <\/h3>\n\n\n\n<p>Para inscribirse en el campus virtual, hac\u00e9 clic en el siguiente enlace:<\/p>\n\n\n\n<div class=\"wp-block-buttons is-layout-flex\">\n<div class=\"wp-block-button\"><a class=\"wp-block-button__link wp-element-button\">Pr\u00f3ximamente<\/a><\/div>\n<\/div>\n\n\n\n<p>Por cualquier consulta, comunicate por e-mail a la siguiente direcci\u00f3n: <a href=\"mailto:nivelsuperior@ensdvs.edu.ar\">nivelsuperior@ensdvs.edu.ar<\/a><\/p>\n\n\n\n<p><\/p>\n","protected":false},"excerpt":{"rendered":"<p>Informaci\u00f3n importante La preinscripci\u00f3n a primer a\u00f1o de las carreras de formaci\u00f3n docente, se realiza a trav\u00e9s del Sistema de Gesti\u00f3n de Estudiantes. Para ello, deb\u00e9s ser usuario de Ciudadano Digital (CiDi). Si a\u00fan no ten\u00e9s la clave de acceso, pod\u00e9s gestionarla desde el siguiente enlace: Procedimiento Prematr\u00edcula Ingres\u00e1 al aplicativo Gesti\u00f3n de Estudiantes y &#8230; <a title=\"Prematr\u00edcula 2026\" class=\"read-more\" href=\"https:\/\/ensvsvdolores-cba.infd.edu.ar\/sitio\/pre-matriculacion-2024\/\" aria-label=\"More on Prematr\u00edcula 2026\">[+]<\/a><\/p>\n","protected":false},"author":2806,"featured_media":0,"parent":0,"menu_order":0,"comment_status":"closed","ping_status":"closed","template":"","meta":[],"acf":[],"_links":{"self":[{"href":"https:\/\/ensvsvdolores-cba.infd.edu.ar\/sitio\/wp-json\/wp\/v2\/pages\/2101"}],"collection":[{"href":"https:\/\/ensvsvdolores-cba.infd.edu.ar\/sitio\/wp-json\/wp\/v2\/pages"}],"about":[{"href":"https:\/\/ensvsvdolores-cba.infd.edu.ar\/sitio\/wp-json\/wp\/v2\/types\/page"}],"author":[{"embeddable":true,"href":"https:\/\/ensvsvdolores-cba.infd.edu.ar\/sitio\/wp-json\/wp\/v2\/users\/2806"}],"replies":[{"embeddable":true,"href":"https:\/\/ensvsvdolores-cba.infd.edu.ar\/sitio\/wp-json\/wp\/v2\/comments?post=2101"}],"version-history":[{"count":22,"href":"https:\/\/ensvsvdolores-cba.infd.edu.ar\/sitio\/wp-json\/wp\/v2\/pages\/2101\/revisions"}],"predecessor-version":[{"id":2510,"href":"https:\/\/ensvsvdolores-cba.infd.edu.ar\/sitio\/wp-json\/wp\/v2\/pages\/2101\/revisions\/2510"}],"wp:attachment":[{"href":"https:\/\/ensvsvdolores-cba.infd.edu.ar\/sitio\/wp-json\/wp\/v2\/media?parent=2101"}],"curies":[{"name":"wp","href":"https:\/\/api.w.org\/{rel}","templated":true}]}}