{"id":1884,"date":"2022-02-21T22:07:57","date_gmt":"2022-02-22T01:07:57","guid":{"rendered":"https:\/\/ensvsvdolores-cba.infd.edu.ar\/sitio\/?page_id=1884"},"modified":"2023-04-07T14:01:29","modified_gmt":"2023-04-07T17:01:29","slug":"inscripciones-ciclo-lectivo-2023","status":"publish","type":"page","link":"https:\/\/ensvsvdolores-cba.infd.edu.ar\/sitio\/inscripciones-ciclo-lectivo-2023\/","title":{"rendered":"Inscripciones Ciclo Lectivo 2023 &#8211; Ingresantes"},"content":{"rendered":"\n<pre class=\"wp-block-verse has-contrast-3-background-color has-background has-medium-font-size\">El per\u00edodo de Pre-matriculaci\u00f3n finaliz\u00f3. Para realizar la MATRICULACI\u00d3N dirigirse a la Instituci\u00f3n para ser informado.<\/pre>\n\n\n\n<h1 class=\"wp-block-heading\"><span style=\"color: #3366ff;\">Informaci\u00f3n importante<\/span><\/h1>\n\n\n\n<p>La preinscripci\u00f3n a <strong>primer a\u00f1o<\/strong> de las carreras de <strong>formaci\u00f3n docente<\/strong>, se realiza a trav\u00e9s del Sistema de <strong>Gesti\u00f3n de Estudiantes<\/strong>. Para ello, deb\u00e9s ser usuario de Ciudadano Digital (CiDi). Si a\u00fan no ten\u00e9s la clave de acceso, pod\u00e9s gestionarla desde <a href=\"https:\/\/cidi.cba.gov.ar\/portal\/Cuenta\/Register\" target=\"_blank\" rel=\"noopener\">aqu\u00ed<\/a>.<\/p>\n\n\n\n<h2 class=\"wp-block-heading\"><span style=\"color: #3366ff;\">Procedimiento<\/span><\/h2>\n\n\n\n<h3 class=\"wp-block-heading\"><span style=\"color: #3366ff;\">Pre Matr\u00edcula<\/span><\/h3>\n\n\n\n<p>Ingres\u00e1 al aplicativo<a href=\"https:\/\/www.cba.gov.ar\/gestion-estudiantes\/\" target=\"_blank\" rel=\"noopener\"> Gesti\u00f3n de Estudiantes<\/a> y seleccion\u00e1, en el men\u00fa derecho,&nbsp;<a href=\"http:\/\/gestionestudiantes.cba.gov.ar\/NoUsuario\/ConsultaSuperior.aspx\" target=\"_blank\" rel=\"noopener\">Pre Matricula &#8211; Nivel Superior<\/a>.&nbsp;A partir de all\u00ed el sistema te ir\u00e1 orientando e indicando los pasos a seguir.&nbsp;El c\u00f3digo de instituto que deber\u00e1s ingresar es&nbsp;<strong>EE0330375<\/strong>.<\/p>\n\n\n\n<p>Este procedimiento estar\u00e1 habilitado hasta el 15 de diciembre de 2022.<\/p>\n\n\n\n<h3 class=\"wp-block-heading\"><span style=\"color: #3366ff;\">Matr\u00edcula Definitiva<\/span><\/h3>\n\n\n\n<p>Deber\u00e1s concurrir al establecimiento, en el horario de 18:40 a 22:30, y presentar la siguiente documentaci\u00f3n:<\/p>\n\n\n\n<ul>\n<li>Constancia de inscripci\u00f3n por CiDi<\/li>\n\n\n\n<li>Fotocopia de DNI<\/li>\n\n\n\n<li>Fotocopia de Partida de Nacimiento<\/li>\n\n\n\n<li>Fotocopia del T\u00edtulo de Nivel Secundario o constancia de t\u00edtulo en tr\u00e1mite<\/li>\n\n\n\n<li>2 fotos 4&#215;4<\/li>\n\n\n\n<li>Ficha m\u00e9dia (CUS)<\/li>\n<\/ul>\n\n\n\n<p>Por cualquier consulta, comunicate por e-mail a la siguiente direcci\u00f3n: <a href=\"mailto:inscripciones@ensdvs.edu.ar\"><strong>inscripciones@ensdvs.edu.ar<\/strong><\/a><\/p>\n\n\n\n<h3 class=\"wp-block-heading\"><span style=\"color: #3366ff;\">Inscripci\u00f3n en Aulas Virtuales para ingresantes a primer a\u00f1o de todos los profesorados.<\/span> <\/h3>\n\n\n\n<p>Para inscribirse en el campus virtual, hac\u00e9 clic en el siguiente enlace:<\/p>\n\n\n\n<div class=\"wp-block-buttons is-layout-flex\">\n<div class=\"wp-block-button\"><a class=\"wp-block-button__link wp-element-button\">Enlace no disponible<\/a><\/div>\n<\/div>\n\n\n\n<p>El per\u00edodo de inscripci\u00f3n en aulas virtuales ha finalizado. <\/p>\n","protected":false},"excerpt":{"rendered":"<p>El per\u00edodo de Pre-matriculaci\u00f3n finaliz\u00f3. Para realizar la MATRICULACI\u00d3N dirigirse a la Instituci\u00f3n para ser informado. Informaci\u00f3n importante La preinscripci\u00f3n a primer a\u00f1o de las carreras de formaci\u00f3n docente, se realiza a trav\u00e9s del Sistema de Gesti\u00f3n de Estudiantes. Para ello, deb\u00e9s ser usuario de Ciudadano Digital (CiDi). Si a\u00fan no ten\u00e9s la clave de &#8230; <a title=\"Inscripciones Ciclo Lectivo 2023 &#8211; Ingresantes\" class=\"read-more\" href=\"https:\/\/ensvsvdolores-cba.infd.edu.ar\/sitio\/inscripciones-ciclo-lectivo-2023\/\" aria-label=\"More on Inscripciones Ciclo Lectivo 2023 &#8211; Ingresantes\">[+]<\/a><\/p>\n","protected":false},"author":2911,"featured_media":0,"parent":0,"menu_order":0,"comment_status":"closed","ping_status":"closed","template":"","meta":[],"acf":[],"_links":{"self":[{"href":"https:\/\/ensvsvdolores-cba.infd.edu.ar\/sitio\/wp-json\/wp\/v2\/pages\/1884"}],"collection":[{"href":"https:\/\/ensvsvdolores-cba.infd.edu.ar\/sitio\/wp-json\/wp\/v2\/pages"}],"about":[{"href":"https:\/\/ensvsvdolores-cba.infd.edu.ar\/sitio\/wp-json\/wp\/v2\/types\/page"}],"author":[{"embeddable":true,"href":"https:\/\/ensvsvdolores-cba.infd.edu.ar\/sitio\/wp-json\/wp\/v2\/users\/2911"}],"replies":[{"embeddable":true,"href":"https:\/\/ensvsvdolores-cba.infd.edu.ar\/sitio\/wp-json\/wp\/v2\/comments?post=1884"}],"version-history":[{"count":11,"href":"https:\/\/ensvsvdolores-cba.infd.edu.ar\/sitio\/wp-json\/wp\/v2\/pages\/1884\/revisions"}],"predecessor-version":[{"id":2000,"href":"https:\/\/ensvsvdolores-cba.infd.edu.ar\/sitio\/wp-json\/wp\/v2\/pages\/1884\/revisions\/2000"}],"wp:attachment":[{"href":"https:\/\/ensvsvdolores-cba.infd.edu.ar\/sitio\/wp-json\/wp\/v2\/media?parent=1884"}],"curies":[{"name":"wp","href":"https:\/\/api.w.org\/{rel}","templated":true}]}}