{"id":1580,"date":"2020-03-03T11:48:09","date_gmt":"2020-03-03T14:48:09","guid":{"rendered":"https:\/\/ensvsvdolores-cba.infd.edu.ar\/sitio\/?page_id=1580"},"modified":"2021-04-02T17:25:32","modified_gmt":"2021-04-02T20:25:32","slug":"profesorado-de-educacion-ingles","status":"publish","type":"page","link":"https:\/\/ensvsvdolores-cba.infd.edu.ar\/sitio\/profesorado-de-educacion-ingles\/","title":{"rendered":"Profesorado de Ingl\u00e9s"},"content":{"rendered":"<h1 style=\"text-align: center;\"><img decoding=\"async\" loading=\"lazy\" class=\"wp-image-1586 alignright\" src=\"https:\/\/ensvsvdolores-cba.infd.edu.ar\/sitio\/wp-content\/uploads\/2020\/03\/Ingles2x.png\" alt=\"\" width=\"142\" height=\"226\" \/><\/h1>\n<h2><span style=\"color: #f26522;\">Perfil del Egresado:<\/span><\/h2>\n<p>El profesor de idioma act\u00faa como facilitador del aprendizaje y\u00a0 tiene que adaptar su metodolog\u00eda para que favorezcan la experimentaci\u00f3n, autonom\u00eda y\u00a0 flexibilidad, y as\u00ed responsabilizar al alumnado de su proceso de ense\u00f1anza y aprendizaje.<\/p>\n<p>&nbsp;<\/p>\n<h2><span style=\"color: #f26522;\">Plan de Estudio<\/span><\/h2>\n<table style=\"width: 100%;\" border=\"0\" cellpadding=\"5\" align=\"center\">\n<thead>\n<tr align=\"center\" valign=\"middle\">\n<td style=\"background-color: #244e70;\"><span style=\"color: #ffffff;\"><strong><span lang=\"ES\" style=\"font-family: arial, helvetica, sans-serif; font-size: 12pt;\">PRIMER A\u00d1O<\/span><\/strong><\/span><\/td>\n<td style=\"background-color: #244e70;\"><span style=\"color: #ffffff;\"><strong><span lang=\"ES\" style=\"font-family: arial, helvetica, sans-serif; font-size: 12pt;\">SEGUNDO A\u00d1O<\/span><\/strong><\/span><\/td>\n<\/tr>\n<\/thead>\n<tbody>\n<tr>\n<td valign=\"top\">\n<ul>\n<li>Pedagog\u00eda<\/li>\n<li><span lang=\"ES\">Problem\u00e1ticas Socioantropol\u00f3gicas<\/span><span lang=\"ES\">\u00a0en Educaci\u00f3n<\/span><\/li>\n<li>Psicolog\u00eda y Educaci\u00f3n<\/li>\n<li>Pr\u00e1ctica Docente I<\/li>\n<li>Pr\u00e1ctica Discursiva en Ingl\u00e9s I<\/li>\n<li>Fon\u00e9tica y Fonolog\u00eda Inglesa I<\/li>\n<li>Gram\u00e1tica Inglesa I<\/li>\n<li>Estudios Socioculturales y Literarios de Pueblos de Habla Inglesa<\/li>\n<li>Unidad de definici\u00f3n Institucional<\/li>\n<\/ul>\n<\/td>\n<td valign=\"top\">\n<ul>\n<li>Historia y Pol\u00edtica de la Educaci\u00f3n Argentina<\/li>\n<li>Did\u00e1ctica General<\/li>\n<li>Pr\u00e1ctica Docente II<\/li>\n<li>Fon\u00e9tica y Fonolog\u00eda Inglesa II<\/li>\n<li>Gram\u00e1tica Inglesa II<\/li>\n<li>Estudios Socioculturales y Literarios de Pueblos de Habla Inglesa<\/li>\n<li>Problem\u00e1ticas de la Adquisici\u00f3n de una Segunda Lengua<\/li>\n<li>Sujetos de la Educaci\u00f3n<\/li>\n<li>Pr\u00e1cticas Discursivas en Ingl\u00e9s II<\/li>\n<\/ul>\n<\/td>\n<\/tr>\n<tr>\n<td style=\"background-color: #244e70; width: 50%;\" align=\"center\" valign=\"middle\"><span style=\"color: #ffffff;\"><strong><span lang=\"ES\" style=\"font-family: arial, helvetica, sans-serif; font-size: 12pt;\">TERCER A\u00d1O<\/span><\/strong><\/span><\/td>\n<td style=\"background-color: #244e70;\" align=\"center\" valign=\"middle\"><span style=\"color: #ffffff;\"><strong><span lang=\"ES\" style=\"font-family: arial, helvetica, sans-serif; font-size: 12pt;\">CUARTO A\u00d1O<\/span><\/strong><\/span><\/td>\n<\/tr>\n<tr>\n<td valign=\"top\">\n<ul>\n<li>Filosof\u00eda y Educaci\u00f3n<\/li>\n<li>Practica Docente III y Residencia<\/li>\n<li>Pr\u00e1cticas Discursivas en Ingl\u00e9s III<\/li>\n<li>Fon\u00e9tica y Fonolog\u00eda Inglesa III<\/li>\n<li>Gram\u00e1tica Inglesa III<\/li>\n<li>Ling\u00fc\u00edstica I<\/li>\n<li>Estudios Socioculturales y Literarios de Pueblos de Habla Inglesa III<\/li>\n<li>Did\u00e1ctica del Ingl\u00e9s<\/li>\n<\/ul>\n<\/td>\n<td valign=\"top\">\n<ul>\n<li>\u00c9tica y Construcci\u00f3n de Ciudadan\u00eda<\/li>\n<li>Practica docente IV y Residencia<\/li>\n<li>Educaci\u00f3n Sexual Integral<\/li>\n<li>Pr\u00e1cticas Discursivas en Ingl\u00e9s IV<\/li>\n<li>Ling\u00fc\u00edstica II<\/li>\n<li>Literatura de Pueblos de Habla Inglesa<\/li>\n<li>Did\u00e1ctica del Ingl\u00e9s II<\/li>\n<\/ul>\n<\/td>\n<\/tr>\n<\/tbody>\n<\/table>\n<h3><\/h3>\n<p>&nbsp;<\/p>\n<p>&nbsp;<\/p>\n","protected":false},"excerpt":{"rendered":"<p>Perfil del Egresado: El profesor de idioma act\u00faa como facilitador del aprendizaje y\u00a0 tiene que adaptar su metodolog\u00eda para que favorezcan la experimentaci\u00f3n, autonom\u00eda y\u00a0 flexibilidad, y as\u00ed responsabilizar al alumnado de su proceso de ense\u00f1anza y aprendizaje. &nbsp; Plan de Estudio PRIMER A\u00d1O SEGUNDO A\u00d1O Pedagog\u00eda Problem\u00e1ticas Socioantropol\u00f3gicas\u00a0en Educaci\u00f3n Psicolog\u00eda y Educaci\u00f3n Pr\u00e1ctica Docente &#8230; <a title=\"Profesorado de Ingl\u00e9s\" class=\"read-more\" href=\"https:\/\/ensvsvdolores-cba.infd.edu.ar\/sitio\/profesorado-de-educacion-ingles\/\" aria-label=\"More on Profesorado de Ingl\u00e9s\">[+]<\/a><\/p>\n","protected":false},"author":2855,"featured_media":0,"parent":0,"menu_order":0,"comment_status":"closed","ping_status":"closed","template":"","meta":[],"acf":[],"_links":{"self":[{"href":"https:\/\/ensvsvdolores-cba.infd.edu.ar\/sitio\/wp-json\/wp\/v2\/pages\/1580"}],"collection":[{"href":"https:\/\/ensvsvdolores-cba.infd.edu.ar\/sitio\/wp-json\/wp\/v2\/pages"}],"about":[{"href":"https:\/\/ensvsvdolores-cba.infd.edu.ar\/sitio\/wp-json\/wp\/v2\/types\/page"}],"author":[{"embeddable":true,"href":"https:\/\/ensvsvdolores-cba.infd.edu.ar\/sitio\/wp-json\/wp\/v2\/users\/2855"}],"replies":[{"embeddable":true,"href":"https:\/\/ensvsvdolores-cba.infd.edu.ar\/sitio\/wp-json\/wp\/v2\/comments?post=1580"}],"version-history":[{"count":6,"href":"https:\/\/ensvsvdolores-cba.infd.edu.ar\/sitio\/wp-json\/wp\/v2\/pages\/1580\/revisions"}],"predecessor-version":[{"id":1849,"href":"https:\/\/ensvsvdolores-cba.infd.edu.ar\/sitio\/wp-json\/wp\/v2\/pages\/1580\/revisions\/1849"}],"wp:attachment":[{"href":"https:\/\/ensvsvdolores-cba.infd.edu.ar\/sitio\/wp-json\/wp\/v2\/media?parent=1580"}],"curies":[{"name":"wp","href":"https:\/\/api.w.org\/{rel}","templated":true}]}}